{"id":229936,"date":"2025-03-06T15:39:39","date_gmt":"2025-03-06T14:39:39","guid":{"rendered":"https:\/\/phemi.fr\/?page_id=229936"},"modified":"2025-11-14T11:08:26","modified_gmt":"2025-11-14T10:08:26","slug":"mentions-legales","status":"publish","type":"page","link":"https:\/\/phemi.fr\/index.php\/mentions-legales\/","title":{"rendered":"Mentions l\u00e9gales"},"content":{"rendered":"\n[et_pb_section fb_built=\u00a0\u00bb1&Prime; custom_padding_last_edited=\u00a0\u00bbon|tablet\u00a0\u00bb _builder_version=\u00a0\u00bb4.22.1&Prime; _module_preset=\u00a0\u00bbdefault\u00a0\u00bb background_color=\u00a0\u00bb#23262d\u00a0\u00bb custom_margin=\u00a0\u00bb0px||0px||false|false\u00a0\u00bb custom_padding=\u00a0\u00bb100px||100px||true|false\u00a0\u00bb custom_padding_tablet=\u00a0\u00bb120px||120px||false|false\u00a0\u00bb custom_padding_phone=\u00a0\u00bb90px||90px||false|false\u00a0\u00bb animation_direction=\u00a0\u00bbright\u00a0\u00bb global_colors_info=\u00a0\u00bb{}\u00a0\u00bb][et_pb_row _builder_version=\u00a0\u00bb4.20.4&Prime; _module_preset=\u00a0\u00bbdefault\u00a0\u00bb width=\u00a0\u00bb90%\u00a0\u00bb custom_margin=\u00a0\u00bb0px|auto|24px|auto|false|false\u00a0\u00bb custom_margin_tablet=\u00a0\u00bb0px||80px||false|false\u00a0\u00bb custom_margin_phone=\u00a0\u00bb||50px||false|false\u00a0\u00bb custom_margin_last_edited=\u00a0\u00bbon|tablet\u00a0\u00bb custom_padding=\u00a0\u00bb0px||0px||false|false\u00a0\u00bb animation_style=\u00a0\u00bbfade\u00a0\u00bb animation_delay=\u00a0\u00bb500ms\u00a0\u00bb animation_speed_curve=\u00a0\u00bbease\u00a0\u00bb global_colors_info=\u00a0\u00bb{}\u00a0\u00bb][et_pb_column type=\u00a0\u00bb4_4&Prime; _builder_version=\u00a0\u00bb4.22.1&Prime; _module_preset=\u00a0\u00bbdefault\u00a0\u00bb global_colors_info=\u00a0\u00bb{}\u00a0\u00bb][et_pb_text _builder_version=\u00a0\u00bb4.20.4&Prime; _module_preset=\u00a0\u00bbdefault\u00a0\u00bb header_2_font=\u00a0\u00bbJost||||||||\u00a0\u00bb header_2_text_align=\u00a0\u00bbleft\u00a0\u00bb header_2_text_color=\u00a0\u00bb#FFFFFF\u00a0\u00bb header_2_font_size=\u00a0\u00bb54px\u00a0\u00bb header_2_letter_spacing=\u00a0\u00bb1px\u00a0\u00bb header_2_line_height=\u00a0\u00bb1.2em\u00a0\u00bb custom_margin=\u00a0\u00bb0px|28px|30px||false|false\u00a0\u00bb custom_padding=\u00a0\u00bb0px||0px||false|false\u00a0\u00bb header_2_font_size_tablet=\u00a0\u00bb54px\u00a0\u00bb header_2_font_size_phone=\u00a0\u00bb30px\u00a0\u00bb header_2_font_size_last_edited=\u00a0\u00bbon|phone\u00a0\u00bb global_colors_info=\u00a0\u00bb{}\u00a0\u00bb]<h2>Mentions l\u00e9gales<\/h2>[\/et_pb_text][et_pb_divider color=\u00a0\u00bb#88c4dd\u00a0\u00bb divider_weight=\u00a0\u00bb4px\u00a0\u00bb _builder_version=\u00a0\u00bb4.20.4&Prime; _module_preset=\u00a0\u00bbdefault\u00a0\u00bb width=\u00a0\u00bb20%\u00a0\u00bb locked=\u00a0\u00bboff\u00a0\u00bb global_colors_info=\u00a0\u00bb{}\u00a0\u00bb][\/et_pb_divider][et_pb_text _builder_version=\u00a0\u00bb4.27.4&Prime; _module_preset=\u00a0\u00bbdefault\u00a0\u00bb text_font=\u00a0\u00bbManrope||||||||\u00a0\u00bb text_text_color=\u00a0\u00bb#FFFFFF\u00a0\u00bb text_font_size=\u00a0\u00bb16px\u00a0\u00bb text_line_height=\u00a0\u00bb1.6em\u00a0\u00bb custom_margin=\u00a0\u00bb59px||48px||false|false\u00a0\u00bb custom_margin_tablet=\u00a0\u00bb0px||48px||false|false\u00a0\u00bb custom_margin_phone=\u00a0\u00bb0px||40px||false|false\u00a0\u00bb custom_margin_last_edited=\u00a0\u00bbon|phone\u00a0\u00bb custom_padding=\u00a0\u00bb2px||0px||false|false\u00a0\u00bb global_colors_info=\u00a0\u00bb{}\u00a0\u00bb]<p>Site Internet : PHEMI.fr<br \/>\u00c9diteur du Site : WordPress<br \/>Nom : PHEMI<br \/>Statut juridique : SAS<\/p>\n<p><span style=\"color: #ffffff;\">Adresse du si\u00e8ge social :<\/span><\/p>\n<h4 data-sider-select-id=\"5de6eb1a-29f4-4cee-90d4-396a291d54b7\"><span style=\"color: #ffffff;\">PHEMI<\/span><\/h4>\n<h4><span style=\"color: #ffffff;\">17 rue du Poteau<\/span><\/h4>\n<h4><span style=\"color: #ffffff;\">75018 PARIS<\/span><\/h4>\n<p>E-mail : contact@phemi.fr<br \/>Num\u00e9ro SIRET :<span>\u00a0<\/span><span>en cours<\/span><\/p>\n<p>Directeur de la publication :<br \/>Lynda Zenati<\/p>\n<p>H\u00e9bergement :<br \/>Nom de l\u2019h\u00e9bergeur : <span>OVH SAS\u00a0<\/span><span>RCS Lille M\u00e9tropole 424 761 419 00045<\/span><br \/>Adresse :<span>\u00a0<\/span><span>2 rue Kellermann \u2013 59100 Roubaix \u2013 France<\/span><\/p>\n<p><strong>1. Objet du site<\/strong><\/p>\n<p>Ce site a pour objet de fournir des informations sur les prestations d\u2019architecture d\u2019int\u00e9rieur propos\u00e9es par PHEMI. Il permet aux utilisateurs de d\u00e9couvrir les services, les projets r\u00e9alis\u00e9s et de prendre contact pour toute demande d\u2019information ou de devis.<\/p>\n<p><strong>2. Propri\u00e9t\u00e9 intellectuelle<\/strong><\/p>\n<p>Tous les contenus pr\u00e9sents sur le site, y compris mais sans s\u2019y limiter, les textes, images, illustrations, logos, ic\u00f4nes, et autres \u00e9l\u00e9ments graphiques ou sonores, sont prot\u00e9g\u00e9s par les lois fran\u00e7aises et internationales relatives \u00e0 la propri\u00e9t\u00e9 intellectuelle. Toute reproduction, repr\u00e9sentation, modification, publication, ou adaptation des \u00e9l\u00e9ments du site, en tout ou partie, est interdite sans l\u2019autorisation \u00e9crite pr\u00e9alable de PHEMI .<\/p>\n<p><strong>3. Conditions G\u00e9n\u00e9rales d\u2019Utilisation (CGU)<\/strong><\/p>\n<p><em><strong>3.1. Acceptation des CGU<\/strong><\/em><br \/>En acc\u00e9dant et en naviguant sur le site, l\u2019utilisateur reconna\u00eet avoir pris connaissance des pr\u00e9sentes Conditions G\u00e9n\u00e9rales d\u2019Utilisation et s\u2019engage \u00e0 les respecter. Les pr\u00e9sentes CGU peuvent \u00eatre modifi\u00e9es \u00e0 tout moment par PHEMI afin de se conformer \u00e0 la r\u00e9glementation en vigueur ou pour s\u2019adapter \u00e0 l\u2019\u00e9volution des services.<\/p>\n<p><em><strong>3.2. Responsabilit\u00e9<\/strong><\/em><br \/>Les informations fournies sur le site sont aussi pr\u00e9cises que possible. Cependant, PHEMI ne garantit pas l\u2019exactitude, la compl\u00e9tude, ou la mise \u00e0 jour des informations diffus\u00e9es sur le site. En cons\u00e9quence, l\u2019utilisateur reconna\u00eet utiliser ces informations sous sa responsabilit\u00e9 exclusive.<\/p>\n<p><strong><em>3.3. Liens hypertextes<\/em><\/strong><br \/>Le site peut contenir des liens vers d\u2019autres sites internet. PHEMI ne peut en aucun cas \u00eatre tenu responsable des contenus, produits ou services propos\u00e9s par ces sites tiers.<\/p>\n<p><strong>4. Protection des donn\u00e9es personnelles<\/strong><\/p>\n<p>PHEMI s\u2019engage \u00e0 respecter la confidentialit\u00e9 des donn\u00e9es personnelles de l\u2019utilisateur conform\u00e9ment aux lois en vigueur (notamment le RGPD).<br \/>Responsable du traitement : Lynda Zenati<\/p>\n<p>Les informations collect\u00e9es via le formulaire de contact sont strictement n\u00e9cessaires pour traiter la demande de l\u2019utilisateur et ne seront pas utilis\u00e9es \u00e0 d\u2019autres fins. Conform\u00e9ment aux dispositions de la loi n\u00b078-17 du 6 janvier 1978 modifi\u00e9e, et au R\u00e8glement G\u00e9n\u00e9ral sur la Protection des Donn\u00e9es (RGPD), l\u2019utilisateur dispose d\u2019un droit d\u2019acc\u00e8s, de rectification, de suppression, d\u2019opposition, et de limitation du traitement des donn\u00e9es le concernant. Pour exercer ces droits, il suffit d\u2019envoyer une demande par courrier \u00e9lectronique \u00e0 contact@phemi.fr .<\/p>\n<p><strong>5. Cookies<\/strong><\/p>\n<p>Le site utilise des cookies afin d\u2019am\u00e9liorer l\u2019exp\u00e9rience de navigation et de collecter des informations anonymes sur la fr\u00e9quentation du site. L\u2019utilisateur est inform\u00e9 de l\u2019utilisation des cookies d\u00e8s son arriv\u00e9e sur le site, et il peut choisir de les refuser en param\u00e9trant son navigateur en cons\u00e9quence.<\/p>\n<p><strong>6. Droit applicable et attribution de juridiction<\/strong><\/p>\n<p>Les pr\u00e9sentes mentions l\u00e9gales et CGU sont r\u00e9gies par le droit fran\u00e7ais. En cas de litige, et \u00e0 d\u00e9faut de r\u00e9solution amiable, comp\u00e9tence est attribu\u00e9e aux tribunaux comp\u00e9tents du ressort de Paris.<\/p>\n<p>\u2014<\/p>\n<p>Date de derni\u00e8re mise \u00e0 jour : Le 25 janvier2025<\/p>[\/et_pb_text][\/et_pb_column][\/et_pb_row][\/et_pb_section][et_pb_section fb_built=\u00a0\u00bb1&Prime; _builder_version=\u00a0\u00bb4.20.4&Prime; _module_preset=\u00a0\u00bbdefault\u00a0\u00bb use_background_color_gradient=\u00a0\u00bbon\u00a0\u00bb background_color_gradient_stops=\u00a0\u00bbrgba(1,68,120,0.7) 0%|rgba(0,32,138,0.5) 99%\u00a0\u00bb background_color_gradient_overlays_image=\u00a0\u00bbon\u00a0\u00bb background_image=\u00a0\u00bbhttp:\/\/phemi.fr\/wp-content\/uploads\/2024\/12\/pexels-sora-shimazaki-5673489-scaled.jpg\u00a0\u00bb custom_padding=\u00a0\u00bb100px||100px|||\u00a0\u00bb filter_saturate=\u00a0\u00bb125%\u00a0\u00bb global_module=\u00a0\u00bb229876&Prime; saved_tabs=\u00a0\u00bball\u00a0\u00bb global_colors_info=\u00a0\u00bb{}\u00a0\u00bb][et_pb_row _builder_version=\u00a0\u00bb4.20.4&Prime; _module_preset=\u00a0\u00bbdefault\u00a0\u00bb global_colors_info=\u00a0\u00bb{}\u00a0\u00bb][et_pb_column type=\u00a0\u00bb4_4&Prime; _builder_version=\u00a0\u00bb4.20.4&Prime; _module_preset=\u00a0\u00bbdefault\u00a0\u00bb global_colors_info=\u00a0\u00bb{}\u00a0\u00bb][et_pb_text _builder_version=\u00a0\u00bb4.22.1&Prime; _module_preset=\u00a0\u00bbdefault\u00a0\u00bb header_2_font=\u00a0\u00bbJost||||||||\u00a0\u00bb header_2_text_align=\u00a0\u00bbleft\u00a0\u00bb header_2_text_color=\u00a0\u00bb#FFFFFF\u00a0\u00bb header_2_font_size=\u00a0\u00bb54px\u00a0\u00bb header_2_line_height=\u00a0\u00bb0.9em\u00a0\u00bb custom_margin=\u00a0\u00bb0px||20px||false|false\u00a0\u00bb custom_padding=\u00a0\u00bb0px||0px||false|false\u00a0\u00bb header_2_font_size_tablet=\u00a0\u00bb54px\u00a0\u00bb header_2_font_size_phone=\u00a0\u00bb30px\u00a0\u00bb header_2_font_size_last_edited=\u00a0\u00bbon|phone\u00a0\u00bb global_colors_info=\u00a0\u00bb{}\u00a0\u00bb]<h2>\u00ab\u00a0Everyday we help you to winning time.\u00a0\u00bb<\/h2>[\/et_pb_text][\/et_pb_column][\/et_pb_row][\/et_pb_section]\n","protected":false},"excerpt":{"rendered":"<p>Mentions l\u00e9galesSite Internet : PHEMI.fr\u00c9diteur du Site : WordPressNom : PHEMIStatut juridique : SAS Adresse du si\u00e8ge social : PHEMI 17 rue du Poteau 75018 PARIS E-mail : contact@phemi.frNum\u00e9ro SIRET :\u00a0en cours Directeur de la publication :Lynda Zenati H\u00e9bergement :Nom de l\u2019h\u00e9bergeur : OVH SAS\u00a0RCS Lille M\u00e9tropole 424 761 419 00045Adresse :\u00a02 rue Kellermann \u2013 [&hellip;]<\/p>\n","protected":false},"author":2,"featured_media":0,"parent":0,"menu_order":0,"comment_status":"closed","ping_status":"closed","template":"page-template-blank.php","meta":{"_et_pb_use_builder":"on","_et_pb_old_content":"<!-- wp:divi\/placeholder \/-->","_et_gb_content_width":"","footnotes":""},"class_list":["post-229936","page","type-page","status-publish","hentry"],"yoast_head":"<!-- This site is optimized with the Yoast SEO plugin v27.3 - https:\/\/yoast.com\/product\/yoast-seo-wordpress\/ -->\n<title>Mentions l\u00e9gales - PHEMI<\/title>\n<meta name=\"robots\" content=\"index, follow, max-snippet:-1, max-image-preview:large, max-video-preview:-1\" \/>\n<link rel=\"canonical\" href=\"https:\/\/phemi.fr\/index.php\/mentions-legales\/\" \/>\n<meta property=\"og:locale\" content=\"fr_FR\" \/>\n<meta property=\"og:type\" content=\"article\" \/>\n<meta property=\"og:title\" content=\"Mentions l\u00e9gales - PHEMI\" \/>\n<meta property=\"og:description\" content=\"Mentions l\u00e9galesSite Internet : PHEMI.fr\u00c9diteur du Site : WordPressNom : PHEMIStatut juridique : SAS Adresse du si\u00e8ge social : PHEMI 17 rue du Poteau 75018 PARIS E-mail : contact@phemi.frNum\u00e9ro SIRET :\u00a0en cours Directeur de la publication :Lynda Zenati H\u00e9bergement :Nom de l\u2019h\u00e9bergeur : OVH SAS\u00a0RCS Lille M\u00e9tropole 424 761 419 00045Adresse :\u00a02 rue Kellermann \u2013 [&hellip;]\" \/>\n<meta property=\"og:url\" content=\"https:\/\/phemi.fr\/index.php\/mentions-legales\/\" \/>\n<meta property=\"og:site_name\" content=\"PHEMI\" \/>\n<meta property=\"article:modified_time\" content=\"2025-11-14T10:08:26+00:00\" \/>\n<meta name=\"twitter:card\" content=\"summary_large_image\" \/>\n<meta name=\"twitter:label1\" content=\"Dur\u00e9e de lecture estim\u00e9e\" \/>\n\t<meta name=\"twitter:data1\" content=\"3 minutes\" \/>\n<script type=\"application\/ld+json\" class=\"yoast-schema-graph\">{\"@context\":\"https:\\\/\\\/schema.org\",\"@graph\":[{\"@type\":\"WebPage\",\"@id\":\"https:\\\/\\\/phemi.fr\\\/index.php\\\/mentions-legales\\\/\",\"url\":\"https:\\\/\\\/phemi.fr\\\/index.php\\\/mentions-legales\\\/\",\"name\":\"Mentions l\u00e9gales - PHEMI\",\"isPartOf\":{\"@id\":\"https:\\\/\\\/phemi.fr\\\/#website\"},\"datePublished\":\"2025-03-06T14:39:39+00:00\",\"dateModified\":\"2025-11-14T10:08:26+00:00\",\"breadcrumb\":{\"@id\":\"https:\\\/\\\/phemi.fr\\\/index.php\\\/mentions-legales\\\/#breadcrumb\"},\"inLanguage\":\"fr-FR\",\"potentialAction\":[{\"@type\":\"ReadAction\",\"target\":[\"https:\\\/\\\/phemi.fr\\\/index.php\\\/mentions-legales\\\/\"]}]},{\"@type\":\"BreadcrumbList\",\"@id\":\"https:\\\/\\\/phemi.fr\\\/index.php\\\/mentions-legales\\\/#breadcrumb\",\"itemListElement\":[{\"@type\":\"ListItem\",\"position\":1,\"name\":\"Accueil\",\"item\":\"https:\\\/\\\/phemi.fr\\\/\"},{\"@type\":\"ListItem\",\"position\":2,\"name\":\"Mentions l\u00e9gales\"}]},{\"@type\":\"WebSite\",\"@id\":\"https:\\\/\\\/phemi.fr\\\/#website\",\"url\":\"https:\\\/\\\/phemi.fr\\\/\",\"name\":\"PHEMI\",\"description\":\"Winning Time\",\"potentialAction\":[{\"@type\":\"SearchAction\",\"target\":{\"@type\":\"EntryPoint\",\"urlTemplate\":\"https:\\\/\\\/phemi.fr\\\/?s={search_term_string}\"},\"query-input\":{\"@type\":\"PropertyValueSpecification\",\"valueRequired\":true,\"valueName\":\"search_term_string\"}}],\"inLanguage\":\"fr-FR\"}]}<\/script>\n<!-- \/ Yoast SEO plugin. -->","yoast_head_json":{"title":"Mentions l\u00e9gales - PHEMI","robots":{"index":"index","follow":"follow","max-snippet":"max-snippet:-1","max-image-preview":"max-image-preview:large","max-video-preview":"max-video-preview:-1"},"canonical":"https:\/\/phemi.fr\/index.php\/mentions-legales\/","og_locale":"fr_FR","og_type":"article","og_title":"Mentions l\u00e9gales - PHEMI","og_description":"Mentions l\u00e9galesSite Internet : PHEMI.fr\u00c9diteur du Site : WordPressNom : PHEMIStatut juridique : SAS Adresse du si\u00e8ge social : PHEMI 17 rue du Poteau 75018 PARIS E-mail : contact@phemi.frNum\u00e9ro SIRET :\u00a0en cours Directeur de la publication :Lynda Zenati H\u00e9bergement :Nom de l\u2019h\u00e9bergeur : OVH SAS\u00a0RCS Lille M\u00e9tropole 424 761 419 00045Adresse :\u00a02 rue Kellermann \u2013 [&hellip;]","og_url":"https:\/\/phemi.fr\/index.php\/mentions-legales\/","og_site_name":"PHEMI","article_modified_time":"2025-11-14T10:08:26+00:00","twitter_card":"summary_large_image","twitter_misc":{"Dur\u00e9e de lecture estim\u00e9e":"3 minutes"},"schema":{"@context":"https:\/\/schema.org","@graph":[{"@type":"WebPage","@id":"https:\/\/phemi.fr\/index.php\/mentions-legales\/","url":"https:\/\/phemi.fr\/index.php\/mentions-legales\/","name":"Mentions l\u00e9gales - PHEMI","isPartOf":{"@id":"https:\/\/phemi.fr\/#website"},"datePublished":"2025-03-06T14:39:39+00:00","dateModified":"2025-11-14T10:08:26+00:00","breadcrumb":{"@id":"https:\/\/phemi.fr\/index.php\/mentions-legales\/#breadcrumb"},"inLanguage":"fr-FR","potentialAction":[{"@type":"ReadAction","target":["https:\/\/phemi.fr\/index.php\/mentions-legales\/"]}]},{"@type":"BreadcrumbList","@id":"https:\/\/phemi.fr\/index.php\/mentions-legales\/#breadcrumb","itemListElement":[{"@type":"ListItem","position":1,"name":"Accueil","item":"https:\/\/phemi.fr\/"},{"@type":"ListItem","position":2,"name":"Mentions l\u00e9gales"}]},{"@type":"WebSite","@id":"https:\/\/phemi.fr\/#website","url":"https:\/\/phemi.fr\/","name":"PHEMI","description":"Winning Time","potentialAction":[{"@type":"SearchAction","target":{"@type":"EntryPoint","urlTemplate":"https:\/\/phemi.fr\/?s={search_term_string}"},"query-input":{"@type":"PropertyValueSpecification","valueRequired":true,"valueName":"search_term_string"}}],"inLanguage":"fr-FR"}]}},"_links":{"self":[{"href":"https:\/\/phemi.fr\/index.php\/wp-json\/wp\/v2\/pages\/229936","targetHints":{"allow":["GET"]}}],"collection":[{"href":"https:\/\/phemi.fr\/index.php\/wp-json\/wp\/v2\/pages"}],"about":[{"href":"https:\/\/phemi.fr\/index.php\/wp-json\/wp\/v2\/types\/page"}],"author":[{"embeddable":true,"href":"https:\/\/phemi.fr\/index.php\/wp-json\/wp\/v2\/users\/2"}],"replies":[{"embeddable":true,"href":"https:\/\/phemi.fr\/index.php\/wp-json\/wp\/v2\/comments?post=229936"}],"version-history":[{"count":6,"href":"https:\/\/phemi.fr\/index.php\/wp-json\/wp\/v2\/pages\/229936\/revisions"}],"predecessor-version":[{"id":229964,"href":"https:\/\/phemi.fr\/index.php\/wp-json\/wp\/v2\/pages\/229936\/revisions\/229964"}],"wp:attachment":[{"href":"https:\/\/phemi.fr\/index.php\/wp-json\/wp\/v2\/media?parent=229936"}],"curies":[{"name":"wp","href":"https:\/\/api.w.org\/{rel}","templated":true}]}}